{"id":1459,"date":"2025-07-15T20:55:31","date_gmt":"2025-07-15T19:55:31","guid":{"rendered":"https:\/\/assetpro.cy\/?page_id=1459"},"modified":"2025-07-28T09:07:09","modified_gmt":"2025-07-28T08:07:09","slug":"impressum","status":"publish","type":"page","link":"https:\/\/assetpro.cy\/en\/impressum\/","title":{"rendered":"Imprint"},"content":{"rendered":"<div data-elementor-type=\"wp-page\" data-elementor-id=\"1459\" class=\"elementor elementor-1459\" data-elementor-post-type=\"page\">\n\t\t\t\t<div class=\"elementor-element elementor-element-ba384b0 e-flex e-con-boxed e-con e-parent\" data-id=\"ba384b0\" data-element_type=\"container\" data-e-type=\"container\">\n\t\t\t\t\t<div class=\"e-con-inner\">\n\t\t\t\t<div class=\"elementor-element elementor-element-67d0651 elementor-widget elementor-widget-heading\" data-id=\"67d0651\" data-element_type=\"widget\" data-e-type=\"widget\" data-widget_type=\"heading.default\">\n\t\t\t\t<div class=\"elementor-widget-container\">\n\t\t\t\t\t<h2 class=\"elementor-heading-title elementor-size-default\">Imprint<\/h2>\t\t\t\t<\/div>\n\t\t\t\t<\/div>\n\t\t\t\t<div class=\"elementor-element elementor-element-d83549a elementor-widget elementor-widget-text-editor\" data-id=\"d83549a\" data-element_type=\"widget\" data-e-type=\"widget\" data-widget_type=\"text-editor.default\">\n\t\t\t\t<div class=\"elementor-widget-container\">\n\t\t\t\t\t\t\t\t\t<p><strong>Duty to inform according to \u00a75 E-Commerce Act, \u00a714 Company Code, \u00a763 Trade Regulation Act and duty of disclosure according to \u00a725 ABS 5 Media Act<\/strong><\/p><p>\u00a0<\/p><p><strong>Company:<\/strong> A.M. ASSETPRO INVESTMENTS LTD<\/p><p><strong>Address:<\/strong> Stadiou 31 shop 2, Larnaca, 6020, Cyprus<\/p><p><strong>Company register number:<\/strong> HE447495<\/p><p><strong>VAT ID:<\/strong> CY60016547B<\/p><p><strong>Authorised representative:<\/strong> ANDRY MICHAEL<\/p><p><strong>Contact:<\/strong> <br \/>Tel: +35799347462, E-Mail: info@assetpro.cy<\/p><p><strong>Website:<\/strong> https:\/\/assetpro.cy<\/p><p><strong>Disclaimer<br \/><\/strong><br \/><strong>1. Content of the online offer<\/strong><br \/>The operator assumes no liability for the topicality, correctness and completeness of the information provided. Liability claims against the operator relating to damage of a material or non-material nature are fundamentally excluded.<\/p><p><strong>2. References and links<\/strong><br \/>No liability is accepted for direct or indirect references to external websites (\"hyperlinks\"). The operator declares that no illegal content was recognisable at the time the links were created.<\/p><p><strong>3. Copyright and labelling law<\/strong><br \/>All contents of this website are protected by copyright. Any use requires the written consent of the operator.<\/p><p><strong>4. Privacy policy &amp; data protection<\/strong><br \/>The use of this website is generally possible without providing personal data. Further information can be found in the privacy policy.<\/p><p><strong>5. Google Services<\/strong><br \/>This website may use Google services such as Analytics or Adsense. Google's privacy policy applies.<\/p><p><strong>6. Facebook Plugins<\/strong><br \/>This website may use plugins from the social network Facebook. For details, please refer to Facebook's privacy policy.<\/p><p><strong>7 Legal validity of this disclaimer<\/strong><br \/>This disclaimer is part of this website. Should individual formulations not correspond to the applicable legal situation, the remaining parts remain unaffected.<\/p><p><strong>Alternative dispute resolution<\/strong><br \/>The European Commission provides a platform for online dispute resolution: https:\/\/ec.europa.eu\/consumers\/odr. We are not obliged and not willing to participate in a dispute resolution procedure.<\/p><p>\u00a9 A.M. ASSETPRO INVESTMENTS LTD<\/p>\t\t\t\t\t\t\t\t<\/div>\n\t\t\t\t<\/div>\n\t\t\t\t\t<\/div>\n\t\t\t\t<\/div>\n\t\t\t\t<\/div>","protected":false},"excerpt":{"rendered":"<p>Impressum Informationspflicht laut \u00a75 E-Commerce Gesetz, \u00a714 Unternehmensgesetzbuch, \u00a763 Gewerbeordnung und Offenlegungspflicht laut \u00a725 ABS 5 Mediengesetz \u00a0 Firma: A.M. ASSETPRO INVESTMENTS LTD Adresse: Stadiou 31 shop 2, Larnaca, 6020, Zypern Firmenbuchnummer: HE447495 Umsatzsteuer-ID: CY60016547B Vertretungsberechtigte Person: ANDRY MICHAEL Kontakt: Tel: +35799347462, E-Mail: info@assetpro.cy Website: https:\/\/assetpro.cy Haftungsausschluss1. Inhalt des OnlineangebotesDer Betreiber \u00fcbernimmt keinerlei Gew\u00e4hr f\u00fcr [&hellip;]<\/p>","protected":false},"author":1,"featured_media":508,"parent":0,"menu_order":0,"comment_status":"closed","ping_status":"closed","template":"","meta":{"_acf_changed":false,"footnotes":""},"class_list":["post-1459","page","type-page","status-publish","has-post-thumbnail","hentry"],"acf":[],"yoast_head":"<!-- This site is optimized with the Yoast SEO plugin v27.4 - https:\/\/yoast.com\/product\/yoast-seo-wordpress\/ -->\n<title>Impressum - ASSETPRO INVESTMENTS LTD<\/title>\n<meta name=\"description\" content=\"Impressum von A.M. ASSETPRO INVESTMENTS LTD mit Kontaktinformationen und rechtlichen Hinweisen. Bei Fragen sind wir gerne f\u00fcr Sie da.\" \/>\n<meta name=\"robots\" content=\"index, follow, max-snippet:-1, max-image-preview:large, max-video-preview:-1\" \/>\n<link rel=\"canonical\" href=\"https:\/\/assetpro.cy\/en\/impressum\/\" \/>\n<meta property=\"og:locale\" content=\"en_US\" \/>\n<meta property=\"og:type\" content=\"article\" \/>\n<meta property=\"og:title\" content=\"Impressum - ASSETPRO INVESTMENTS LTD\" \/>\n<meta property=\"og:description\" content=\"Impressum von A.M. ASSETPRO INVESTMENTS LTD mit Kontaktinformationen und rechtlichen Hinweisen. Bei Fragen sind wir gerne f\u00fcr Sie da.\" \/>\n<meta property=\"og:url\" content=\"https:\/\/assetpro.cy\/en\/impressum\/\" \/>\n<meta property=\"og:site_name\" content=\"ASSETPRO INVESTMENTS LTD\" \/>\n<meta property=\"article:modified_time\" content=\"2025-07-28T08:07:09+00:00\" \/>\n<meta property=\"og:image\" content=\"https:\/\/assetpro.cy\/wp-content\/uploads\/Logo_small.webp\" \/>\n\t<meta property=\"og:image:width\" content=\"308\" \/>\n\t<meta property=\"og:image:height\" content=\"177\" \/>\n\t<meta property=\"og:image:type\" content=\"image\/webp\" \/>\n<meta name=\"twitter:card\" content=\"summary_large_image\" \/>\n<meta name=\"twitter:label1\" content=\"Est. reading time\" \/>\n\t<meta name=\"twitter:data1\" content=\"2 minutes\" \/>\n<script type=\"application\/ld+json\" class=\"yoast-schema-graph\">{\"@context\":\"https:\\\/\\\/schema.org\",\"@graph\":[{\"@type\":\"WebPage\",\"@id\":\"https:\\\/\\\/assetpro.cy\\\/impressum\\\/\",\"url\":\"https:\\\/\\\/assetpro.cy\\\/impressum\\\/\",\"name\":\"Impressum - ASSETPRO INVESTMENTS LTD\",\"isPartOf\":{\"@id\":\"https:\\\/\\\/assetpro.cy\\\/#website\"},\"primaryImageOfPage\":{\"@id\":\"https:\\\/\\\/assetpro.cy\\\/impressum\\\/#primaryimage\"},\"image\":{\"@id\":\"https:\\\/\\\/assetpro.cy\\\/impressum\\\/#primaryimage\"},\"thumbnailUrl\":\"https:\\\/\\\/assetpro.cy\\\/wp-content\\\/uploads\\\/Logo_small.webp\",\"datePublished\":\"2025-07-15T19:55:31+00:00\",\"dateModified\":\"2025-07-28T08:07:09+00:00\",\"description\":\"Impressum von A.M. ASSETPRO INVESTMENTS LTD mit Kontaktinformationen und rechtlichen Hinweisen. Bei Fragen sind wir gerne f\u00fcr Sie da.\",\"breadcrumb\":{\"@id\":\"https:\\\/\\\/assetpro.cy\\\/impressum\\\/#breadcrumb\"},\"inLanguage\":\"en-US\",\"potentialAction\":[{\"@type\":\"ReadAction\",\"target\":[\"https:\\\/\\\/assetpro.cy\\\/impressum\\\/\"]}]},{\"@type\":\"ImageObject\",\"inLanguage\":\"en-US\",\"@id\":\"https:\\\/\\\/assetpro.cy\\\/impressum\\\/#primaryimage\",\"url\":\"https:\\\/\\\/assetpro.cy\\\/wp-content\\\/uploads\\\/Logo_small.webp\",\"contentUrl\":\"https:\\\/\\\/assetpro.cy\\\/wp-content\\\/uploads\\\/Logo_small.webp\",\"width\":308,\"height\":177,\"caption\":\"Asset Pro Investments Zypern\"},{\"@type\":\"BreadcrumbList\",\"@id\":\"https:\\\/\\\/assetpro.cy\\\/impressum\\\/#breadcrumb\",\"itemListElement\":[{\"@type\":\"ListItem\",\"position\":1,\"name\":\"Startseite\",\"item\":\"https:\\\/\\\/assetpro.cy\\\/\"},{\"@type\":\"ListItem\",\"position\":2,\"name\":\"Impressum\"}]},{\"@type\":\"WebSite\",\"@id\":\"https:\\\/\\\/assetpro.cy\\\/#website\",\"url\":\"https:\\\/\\\/assetpro.cy\\\/\",\"name\":\"ASSETPRO INVESTMENTS LTD\",\"description\":\"Property Consultant &amp; Development\",\"publisher\":{\"@id\":\"https:\\\/\\\/assetpro.cy\\\/#organization\"},\"potentialAction\":[{\"@type\":\"SearchAction\",\"target\":{\"@type\":\"EntryPoint\",\"urlTemplate\":\"https:\\\/\\\/assetpro.cy\\\/?s={search_term_string}\"},\"query-input\":{\"@type\":\"PropertyValueSpecification\",\"valueRequired\":true,\"valueName\":\"search_term_string\"}}],\"inLanguage\":\"en-US\"},{\"@type\":\"Organization\",\"@id\":\"https:\\\/\\\/assetpro.cy\\\/#organization\",\"name\":\"ASSETPRO INVESTMENTS LTD\",\"url\":\"https:\\\/\\\/assetpro.cy\\\/\",\"logo\":{\"@type\":\"ImageObject\",\"inLanguage\":\"en-US\",\"@id\":\"https:\\\/\\\/assetpro.cy\\\/#\\\/schema\\\/logo\\\/image\\\/\",\"url\":\"https:\\\/\\\/assetpro.cy\\\/wp-content\\\/uploads\\\/ASSETPRO-INVESTMENTS-LTD_logo-scaled.webp\",\"contentUrl\":\"https:\\\/\\\/assetpro.cy\\\/wp-content\\\/uploads\\\/ASSETPRO-INVESTMENTS-LTD_logo-scaled.webp\",\"width\":2560,\"height\":1469,\"caption\":\"ASSETPRO INVESTMENTS LTD\"},\"image\":{\"@id\":\"https:\\\/\\\/assetpro.cy\\\/#\\\/schema\\\/logo\\\/image\\\/\"}}]}<\/script>\n<!-- \/ Yoast SEO plugin. -->","yoast_head_json":{"title":"Impressum - ASSETPRO INVESTMENTS LTD","description":"Imprint of A.M. ASSETPRO INVESTMENTS LTD with contact information and legal notices. If you have any questions, please do not hesitate to contact us.","robots":{"index":"index","follow":"follow","max-snippet":"max-snippet:-1","max-image-preview":"max-image-preview:large","max-video-preview":"max-video-preview:-1"},"canonical":"https:\/\/assetpro.cy\/en\/impressum\/","og_locale":"en_US","og_type":"article","og_title":"Impressum - ASSETPRO INVESTMENTS LTD","og_description":"Impressum von A.M. ASSETPRO INVESTMENTS LTD mit Kontaktinformationen und rechtlichen Hinweisen. Bei Fragen sind wir gerne f\u00fcr Sie da.","og_url":"https:\/\/assetpro.cy\/en\/impressum\/","og_site_name":"ASSETPRO INVESTMENTS LTD","article_modified_time":"2025-07-28T08:07:09+00:00","og_image":[{"width":308,"height":177,"url":"https:\/\/assetpro.cy\/wp-content\/uploads\/Logo_small.webp","type":"image\/webp"}],"twitter_card":"summary_large_image","twitter_misc":{"Est. reading time":"2 minutes"},"schema":{"@context":"https:\/\/schema.org","@graph":[{"@type":"WebPage","@id":"https:\/\/assetpro.cy\/impressum\/","url":"https:\/\/assetpro.cy\/impressum\/","name":"Impressum - ASSETPRO INVESTMENTS LTD","isPartOf":{"@id":"https:\/\/assetpro.cy\/#website"},"primaryImageOfPage":{"@id":"https:\/\/assetpro.cy\/impressum\/#primaryimage"},"image":{"@id":"https:\/\/assetpro.cy\/impressum\/#primaryimage"},"thumbnailUrl":"https:\/\/assetpro.cy\/wp-content\/uploads\/Logo_small.webp","datePublished":"2025-07-15T19:55:31+00:00","dateModified":"2025-07-28T08:07:09+00:00","description":"Imprint of A.M. ASSETPRO INVESTMENTS LTD with contact information and legal notices. If you have any questions, please do not hesitate to contact us.","breadcrumb":{"@id":"https:\/\/assetpro.cy\/impressum\/#breadcrumb"},"inLanguage":"en-US","potentialAction":[{"@type":"ReadAction","target":["https:\/\/assetpro.cy\/impressum\/"]}]},{"@type":"ImageObject","inLanguage":"en-US","@id":"https:\/\/assetpro.cy\/impressum\/#primaryimage","url":"https:\/\/assetpro.cy\/wp-content\/uploads\/Logo_small.webp","contentUrl":"https:\/\/assetpro.cy\/wp-content\/uploads\/Logo_small.webp","width":308,"height":177,"caption":"Asset Pro Investments Zypern"},{"@type":"BreadcrumbList","@id":"https:\/\/assetpro.cy\/impressum\/#breadcrumb","itemListElement":[{"@type":"ListItem","position":1,"name":"Startseite","item":"https:\/\/assetpro.cy\/"},{"@type":"ListItem","position":2,"name":"Impressum"}]},{"@type":"WebSite","@id":"https:\/\/assetpro.cy\/#website","url":"https:\/\/assetpro.cy\/","name":"ASSETPRO INVESTMENTS LTD","description":"Property Consultant &amp; Development","publisher":{"@id":"https:\/\/assetpro.cy\/#organization"},"potentialAction":[{"@type":"SearchAction","target":{"@type":"EntryPoint","urlTemplate":"https:\/\/assetpro.cy\/?s={search_term_string}"},"query-input":{"@type":"PropertyValueSpecification","valueRequired":true,"valueName":"search_term_string"}}],"inLanguage":"en-US"},{"@type":"Organization","@id":"https:\/\/assetpro.cy\/#organization","name":"ASSETPRO INVESTMENTS LTD","url":"https:\/\/assetpro.cy\/","logo":{"@type":"ImageObject","inLanguage":"en-US","@id":"https:\/\/assetpro.cy\/#\/schema\/logo\/image\/","url":"https:\/\/assetpro.cy\/wp-content\/uploads\/ASSETPRO-INVESTMENTS-LTD_logo-scaled.webp","contentUrl":"https:\/\/assetpro.cy\/wp-content\/uploads\/ASSETPRO-INVESTMENTS-LTD_logo-scaled.webp","width":2560,"height":1469,"caption":"ASSETPRO INVESTMENTS LTD"},"image":{"@id":"https:\/\/assetpro.cy\/#\/schema\/logo\/image\/"}}]}},"_links":{"self":[{"href":"https:\/\/assetpro.cy\/en\/wp-json\/wp\/v2\/pages\/1459","targetHints":{"allow":["GET"]}}],"collection":[{"href":"https:\/\/assetpro.cy\/en\/wp-json\/wp\/v2\/pages"}],"about":[{"href":"https:\/\/assetpro.cy\/en\/wp-json\/wp\/v2\/types\/page"}],"author":[{"embeddable":true,"href":"https:\/\/assetpro.cy\/en\/wp-json\/wp\/v2\/users\/1"}],"replies":[{"embeddable":true,"href":"https:\/\/assetpro.cy\/en\/wp-json\/wp\/v2\/comments?post=1459"}],"version-history":[{"count":4,"href":"https:\/\/assetpro.cy\/en\/wp-json\/wp\/v2\/pages\/1459\/revisions"}],"predecessor-version":[{"id":1467,"href":"https:\/\/assetpro.cy\/en\/wp-json\/wp\/v2\/pages\/1459\/revisions\/1467"}],"wp:featuredmedia":[{"embeddable":true,"href":"https:\/\/assetpro.cy\/en\/wp-json\/wp\/v2\/media\/508"}],"wp:attachment":[{"href":"https:\/\/assetpro.cy\/en\/wp-json\/wp\/v2\/media?parent=1459"}],"curies":[{"name":"wp","href":"https:\/\/api.w.org\/{rel}","templated":true}]}}